{"id":10783,"date":"2022-02-01T01:39:41","date_gmt":"2022-01-31T22:39:41","guid":{"rendered":"https:\/\/refleksfire.com\/islak-ve-kuru-kimyasal-sondurme-sistemleri\/"},"modified":"2022-12-26T16:07:54","modified_gmt":"2022-12-26T13:07:54","slug":"wet-and-dry-chemical-suppression-systems","status":"publish","type":"page","link":"https:\/\/refleksfire.com\/en\/wet-and-dry-chemical-suppression-systems\/","title":{"rendered":"WET and DRY CHEMICAL SUPPRESSION SYSTEMS"},"content":{"rendered":"\t\t<div data-elementor-type=\"wp-page\" data-elementor-id=\"10783\" class=\"elementor elementor-10783 elementor-4759\">\n\t\t\t\t\t\t<section class=\"elementor-section elementor-top-section elementor-element elementor-element-d5a647e elementor-section-boxed elementor-section-height-default elementor-section-height-default\" data-id=\"d5a647e\" data-element_type=\"section\" data-e-type=\"section\">\n\t\t\t\t\t\t<div class=\"elementor-container elementor-column-gap-default\">\n\t\t\t\t\t<div class=\"elementor-column elementor-col-100 elementor-top-column elementor-element elementor-element-debeb71\" data-id=\"debeb71\" data-element_type=\"column\" data-e-type=\"column\">\n\t\t\t<div class=\"elementor-widget-wrap elementor-element-populated\">\n\t\t\t\t\t\t<div class=\"elementor-element elementor-element-717cc0f elementor-headline--style-highlight elementor-widget elementor-widget-animated-headline\" data-id=\"717cc0f\" data-element_type=\"widget\" data-e-type=\"widget\" data-settings=\"{&quot;marker&quot;:&quot;underline_zigzag&quot;,&quot;highlighted_text&quot;:&quot;WET and DRY CHEMICAL SUPPRESSION SYSTEMS&quot;,&quot;headline_style&quot;:&quot;highlight&quot;,&quot;loop&quot;:&quot;yes&quot;,&quot;highlight_animation_duration&quot;:1200,&quot;highlight_iteration_delay&quot;:8000}\" data-widget_type=\"animated-headline.default\">\n\t\t\t\t<div class=\"elementor-widget-container\">\n\t\t\t\t\t\t\t<h3 class=\"elementor-headline\">\n\t\t\t\t<span class=\"elementor-headline-dynamic-wrapper elementor-headline-text-wrapper\">\n\t\t\t\t\t<span class=\"elementor-headline-dynamic-text elementor-headline-text-active\">WET and DRY CHEMICAL SUPPRESSION SYSTEMS<\/span>\n\t\t\t\t<\/span>\n\t\t\t\t<\/h3>\n\t\t\t\t\t\t<\/div>\n\t\t\t\t<\/div>\n\t\t\t\t\t<\/div>\n\t\t<\/div>\n\t\t\t\t\t<\/div>\n\t\t<\/section>\n\t\t\t\t<section class=\"elementor-section elementor-top-section elementor-element elementor-element-e056a28 elementor-section-content-middle elementor-section-boxed elementor-section-height-default elementor-section-height-default\" data-id=\"e056a28\" data-element_type=\"section\" data-e-type=\"section\" data-settings=\"{&quot;background_background&quot;:&quot;classic&quot;}\">\n\t\t\t\t\t\t<div class=\"elementor-container elementor-column-gap-wide\">\n\t\t\t\t\t<div class=\"elementor-column elementor-col-25 elementor-top-column elementor-element elementor-element-fc332c0\" data-id=\"fc332c0\" data-element_type=\"column\" data-e-type=\"column\">\n\t\t\t<div class=\"elementor-widget-wrap elementor-element-populated\">\n\t\t\t\t\t\t<div class=\"elementor-element elementor-element-b475365 elementor-widget elementor-widget-image\" data-id=\"b475365\" data-element_type=\"widget\" data-e-type=\"widget\" data-widget_type=\"image.default\">\n\t\t\t\t<div class=\"elementor-widget-container\">\n\t\t\t\t\t\t\t\t\t\t\t\t\t\t\t<img fetchpriority=\"high\" decoding=\"async\" width=\"404\" height=\"200\" src=\"https:\/\/refleksfire.com\/wp-content\/uploads\/2021\/12\/Davlumbaz-Sidebar-1.jpg\" class=\"attachment-large size-large wp-image-3680\" alt=\"\" srcset=\"https:\/\/refleksfire.com\/wp-content\/uploads\/2021\/12\/Davlumbaz-Sidebar-1.jpg 404w, https:\/\/refleksfire.com\/wp-content\/uploads\/2021\/12\/Davlumbaz-Sidebar-1-300x149.jpg 300w\" sizes=\"(max-width: 404px) 100vw, 404px\" \/>\t\t\t\t\t\t\t\t\t\t\t\t\t\t\t<\/div>\n\t\t\t\t<\/div>\n\t\t\t\t\t<\/div>\n\t\t<\/div>\n\t\t\t\t<div class=\"elementor-column elementor-col-50 elementor-top-column elementor-element elementor-element-7a2164c\" data-id=\"7a2164c\" data-element_type=\"column\" data-e-type=\"column\">\n\t\t\t<div class=\"elementor-widget-wrap elementor-element-populated\">\n\t\t\t\t\t\t<div class=\"elementor-element elementor-element-4c31b6e elementor-widget elementor-widget-heading\" data-id=\"4c31b6e\" data-element_type=\"widget\" data-e-type=\"widget\" data-widget_type=\"heading.default\">\n\t\t\t\t<div class=\"elementor-widget-container\">\n\t\t\t\t\t<h4 class=\"elementor-heading-title elementor-size-default\">Kitchen Hood System\n<\/h4>\t\t\t\t<\/div>\n\t\t\t\t<\/div>\n\t\t\t\t<div class=\"elementor-element elementor-element-a0d2668 elementor-widget elementor-widget-text-editor\" data-id=\"a0d2668\" data-element_type=\"widget\" data-e-type=\"widget\" data-widget_type=\"text-editor.default\">\n\t\t\t\t<div class=\"elementor-widget-container\">\n\t\t\t\t\t\t\t\t\t<p>Automatic suppression system in industrial kitchen is required by regulation. The designs are pre-engineered by our company and supplied by UL Listed Ex5054, S1064, Ex15622 List system from Europe, Israel or USA.<\/p>\t\t\t\t\t\t\t\t<\/div>\n\t\t\t\t<\/div>\n\t\t\t\t\t<\/div>\n\t\t<\/div>\n\t\t\t\t<div class=\"elementor-column elementor-col-25 elementor-top-column elementor-element elementor-element-511d9fa\" data-id=\"511d9fa\" data-element_type=\"column\" data-e-type=\"column\">\n\t\t\t<div class=\"elementor-widget-wrap elementor-element-populated\">\n\t\t\t\t\t\t<div class=\"elementor-element elementor-element-8eb921d elementor-align-center elementor-widget elementor-widget-button\" data-id=\"8eb921d\" data-element_type=\"widget\" data-e-type=\"widget\" data-widget_type=\"button.default\">\n\t\t\t\t<div class=\"elementor-widget-container\">\n\t\t\t\t\t\t\t\t\t<div class=\"elementor-button-wrapper\">\n\t\t\t\t\t<a class=\"elementor-button elementor-button-link elementor-size-md\" href=\"https:\/\/refleksfire.com\/en\/servis-ve-hizmetler\/kitchen-hood-system\/\" target=\"_blank\">\n\t\t\t\t\t\t<span class=\"elementor-button-content-wrapper\">\n\t\t\t\t\t\t\t\t\t<span class=\"elementor-button-text\">DETAIL<\/span>\n\t\t\t\t\t<\/span>\n\t\t\t\t\t<\/a>\n\t\t\t\t<\/div>\n\t\t\t\t\t\t\t\t<\/div>\n\t\t\t\t<\/div>\n\t\t\t\t\t<\/div>\n\t\t<\/div>\n\t\t\t\t\t<\/div>\n\t\t<\/section>\n\t\t\t\t<section class=\"elementor-section elementor-top-section elementor-element elementor-element-e57f111 elementor-section-content-middle elementor-section-boxed elementor-section-height-default elementor-section-height-default\" data-id=\"e57f111\" data-element_type=\"section\" data-e-type=\"section\" data-settings=\"{&quot;background_background&quot;:&quot;classic&quot;}\">\n\t\t\t\t\t\t<div class=\"elementor-container elementor-column-gap-wide\">\n\t\t\t\t\t<div class=\"elementor-column elementor-col-25 elementor-top-column elementor-element elementor-element-0a8f8fd\" data-id=\"0a8f8fd\" data-element_type=\"column\" data-e-type=\"column\">\n\t\t\t<div class=\"elementor-widget-wrap elementor-element-populated\">\n\t\t\t\t\t\t<div class=\"elementor-element elementor-element-9f6980e elementor-widget elementor-widget-image\" data-id=\"9f6980e\" data-element_type=\"widget\" data-e-type=\"widget\" data-widget_type=\"image.default\">\n\t\t\t\t<div class=\"elementor-widget-container\">\n\t\t\t\t\t\t\t\t\t\t\t\t\t\t\t<img decoding=\"async\" width=\"404\" height=\"200\" src=\"https:\/\/refleksfire.com\/wp-content\/uploads\/2021\/12\/Kuru-Kimyevi-Tozlu-Sidebar-1.jpg\" class=\"attachment-large size-large wp-image-3689\" alt=\"\" srcset=\"https:\/\/refleksfire.com\/wp-content\/uploads\/2021\/12\/Kuru-Kimyevi-Tozlu-Sidebar-1.jpg 404w, https:\/\/refleksfire.com\/wp-content\/uploads\/2021\/12\/Kuru-Kimyevi-Tozlu-Sidebar-1-300x149.jpg 300w\" sizes=\"(max-width: 404px) 100vw, 404px\" \/>\t\t\t\t\t\t\t\t\t\t\t\t\t\t\t<\/div>\n\t\t\t\t<\/div>\n\t\t\t\t\t<\/div>\n\t\t<\/div>\n\t\t\t\t<div class=\"elementor-column elementor-col-50 elementor-top-column elementor-element elementor-element-b5d7204\" data-id=\"b5d7204\" data-element_type=\"column\" data-e-type=\"column\">\n\t\t\t<div class=\"elementor-widget-wrap elementor-element-populated\">\n\t\t\t\t\t\t<div class=\"elementor-element elementor-element-95b9a97 elementor-widget elementor-widget-heading\" data-id=\"95b9a97\" data-element_type=\"widget\" data-e-type=\"widget\" data-widget_type=\"heading.default\">\n\t\t\t\t<div class=\"elementor-widget-container\">\n\t\t\t\t\t<h4 class=\"elementor-heading-title elementor-size-default\">Dry Chemical Powder Systems\n<\/h4>\t\t\t\t<\/div>\n\t\t\t\t<\/div>\n\t\t\t\t<div class=\"elementor-element elementor-element-2f9d9e1 elementor-widget elementor-widget-text-editor\" data-id=\"2f9d9e1\" data-element_type=\"widget\" data-e-type=\"widget\" data-widget_type=\"text-editor.default\">\n\t\t\t\t<div class=\"elementor-widget-container\">\n\t\t\t\t\t\t\t\t\t<section class=\"elementor-section elementor-top-section elementor-element elementor-element-16f5ae8 elementor-section-boxed elementor-section-height-default elementor-section-height-default\" data-id=\"16f5ae8\" data-element_type=\"section\"><div class=\"elementor-container elementor-column-gap-default\"><div class=\"elementor-column elementor-col-100 elementor-top-column elementor-element elementor-element-c3f5d3f\" data-id=\"c3f5d3f\" data-element_type=\"column\"><div class=\"elementor-widget-wrap elementor-element-populated\"><div class=\"elementor-element elementor-element-b549433 elementor-widget elementor-widget-text-editor\" data-id=\"b549433\" data-element_type=\"widget\" data-widget_type=\"text-editor.default\"><div class=\"elementor-widget-container\"><p>It is one of the best solutions especially in classes of (B), (C), (D) fires. These systems are designed and supplied according to NFPA 17 rules, according to the fact that the protected facility is closed or open and risk.<\/p><p>Askeri, sivil ara\u00e7larda motor kabinlerinde otomatik sistem olarak anahtar teslimi ger\u00e7ekle\u015ftirilmektedir.\u00a0<\/p><\/div><\/div><\/div><\/div><\/div><\/section>\t\t\t\t\t\t\t\t<\/div>\n\t\t\t\t<\/div>\n\t\t\t\t\t<\/div>\n\t\t<\/div>\n\t\t\t\t<div class=\"elementor-column elementor-col-25 elementor-top-column elementor-element elementor-element-afe61c2\" data-id=\"afe61c2\" data-element_type=\"column\" data-e-type=\"column\">\n\t\t\t<div class=\"elementor-widget-wrap elementor-element-populated\">\n\t\t\t\t\t\t<div class=\"elementor-element elementor-element-acbb785 elementor-align-center elementor-widget elementor-widget-button\" data-id=\"acbb785\" data-element_type=\"widget\" data-e-type=\"widget\" data-widget_type=\"button.default\">\n\t\t\t\t<div class=\"elementor-widget-container\">\n\t\t\t\t\t\t\t\t\t<div class=\"elementor-button-wrapper\">\n\t\t\t\t\t<a class=\"elementor-button elementor-button-link elementor-size-md\" href=\"https:\/\/refleksfire.com\/en\/servis-ve-hizmetler\/dry-chemical-powder-systems\/\" target=\"_blank\">\n\t\t\t\t\t\t<span class=\"elementor-button-content-wrapper\">\n\t\t\t\t\t\t\t\t\t<span class=\"elementor-button-text\">DETAIL<\/span>\n\t\t\t\t\t<\/span>\n\t\t\t\t\t<\/a>\n\t\t\t\t<\/div>\n\t\t\t\t\t\t\t\t<\/div>\n\t\t\t\t<\/div>\n\t\t\t\t\t<\/div>\n\t\t<\/div>\n\t\t\t\t\t<\/div>\n\t\t<\/section>\n\t\t\t\t<section class=\"elementor-section elementor-top-section elementor-element elementor-element-abc1628 elementor-section-content-middle elementor-section-boxed elementor-section-height-default elementor-section-height-default\" data-id=\"abc1628\" data-element_type=\"section\" data-e-type=\"section\" data-settings=\"{&quot;background_background&quot;:&quot;classic&quot;}\">\n\t\t\t\t\t\t<div class=\"elementor-container elementor-column-gap-wide\">\n\t\t\t\t\t<div class=\"elementor-column elementor-col-25 elementor-top-column elementor-element elementor-element-6a74061\" data-id=\"6a74061\" data-element_type=\"column\" data-e-type=\"column\">\n\t\t\t<div class=\"elementor-widget-wrap elementor-element-populated\">\n\t\t\t\t\t\t<div class=\"elementor-element elementor-element-2b1743d elementor-widget elementor-widget-image\" data-id=\"2b1743d\" data-element_type=\"widget\" data-e-type=\"widget\" data-widget_type=\"image.default\">\n\t\t\t\t<div class=\"elementor-widget-container\">\n\t\t\t\t\t\t\t\t\t\t\t\t\t\t\t<img decoding=\"async\" width=\"408\" height=\"202\" src=\"https:\/\/refleksfire.com\/wp-content\/uploads\/2021\/12\/kkt_sidebar.jpg\" class=\"attachment-large size-large wp-image-3698\" alt=\"\" srcset=\"https:\/\/refleksfire.com\/wp-content\/uploads\/2021\/12\/kkt_sidebar.jpg 408w, https:\/\/refleksfire.com\/wp-content\/uploads\/2021\/12\/kkt_sidebar-300x149.jpg 300w\" sizes=\"(max-width: 408px) 100vw, 408px\" \/>\t\t\t\t\t\t\t\t\t\t\t\t\t\t\t<\/div>\n\t\t\t\t<\/div>\n\t\t\t\t\t<\/div>\n\t\t<\/div>\n\t\t\t\t<div class=\"elementor-column elementor-col-50 elementor-top-column elementor-element elementor-element-d319c12\" data-id=\"d319c12\" data-element_type=\"column\" data-e-type=\"column\">\n\t\t\t<div class=\"elementor-widget-wrap elementor-element-populated\">\n\t\t\t\t\t\t<div class=\"elementor-element elementor-element-248d55b elementor-widget elementor-widget-heading\" data-id=\"248d55b\" data-element_type=\"widget\" data-e-type=\"widget\" data-widget_type=\"heading.default\">\n\t\t\t\t<div class=\"elementor-widget-container\">\n\t\t\t\t\t<h4 class=\"elementor-heading-title elementor-size-default\">Dry Chemical Powder (DCP)\n<\/h4>\t\t\t\t<\/div>\n\t\t\t\t<\/div>\n\t\t\t\t<div class=\"elementor-element elementor-element-47249d6 elementor-widget elementor-widget-text-editor\" data-id=\"47249d6\" data-element_type=\"widget\" data-e-type=\"widget\" data-widget_type=\"text-editor.default\">\n\t\t\t\t<div class=\"elementor-widget-container\">\n\t\t\t\t\t\t\t\t\t<section class=\"elementor-section elementor-top-section elementor-element elementor-element-16f5ae8 elementor-section-boxed elementor-section-height-default elementor-section-height-default\" data-id=\"16f5ae8\" data-element_type=\"section\"><div class=\"elementor-container elementor-column-gap-default\"><div class=\"elementor-column elementor-col-100 elementor-top-column elementor-element elementor-element-c3f5d3f\" data-id=\"c3f5d3f\" data-element_type=\"column\"><div class=\"elementor-widget-wrap elementor-element-populated\"><div class=\"elementor-element elementor-element-b549433 elementor-widget elementor-widget-text-editor\" data-id=\"b549433\" data-element_type=\"widget\" data-widget_type=\"text-editor.default\"><div class=\"elementor-widget-container\"><div class=\"flex_column av_three_fifth flex_column_div first avia-builder-el-32 el_before_av_two_fifth avia-builder-el-first \"><section class=\"av_textblock_section \"><div class=\"avia_textblock \"><p>According to fire classes, dry chemical powders of class (ABC), (BC) and (D) are supplied and delivered as EN 615 certified or UL Listed Ex6015, Ex1598.<\/p><p>In particular, dusts used in air and marine industries are provided as UL Listed Ex6015, Ex1598. Before delivery of the powder, fire and laboratory tests are done at TSE Gebze facilitie every time.<\/p><\/div><\/section><\/div><\/div><\/div><\/div><\/div><\/div><\/section>\t\t\t\t\t\t\t\t<\/div>\n\t\t\t\t<\/div>\n\t\t\t\t\t<\/div>\n\t\t<\/div>\n\t\t\t\t<div class=\"elementor-column elementor-col-25 elementor-top-column elementor-element elementor-element-583de8e\" data-id=\"583de8e\" data-element_type=\"column\" data-e-type=\"column\">\n\t\t\t<div class=\"elementor-widget-wrap elementor-element-populated\">\n\t\t\t\t\t\t<div class=\"elementor-element elementor-element-f3d55bb elementor-align-center elementor-widget elementor-widget-button\" data-id=\"f3d55bb\" data-element_type=\"widget\" data-e-type=\"widget\" data-widget_type=\"button.default\">\n\t\t\t\t<div class=\"elementor-widget-container\">\n\t\t\t\t\t\t\t\t\t<div class=\"elementor-button-wrapper\">\n\t\t\t\t\t<a class=\"elementor-button elementor-button-link elementor-size-md\" href=\"https:\/\/refleksfire.com\/en\/servis-ve-hizmetler\/dry-chemical-powder-dcp\/\" target=\"_blank\">\n\t\t\t\t\t\t<span class=\"elementor-button-content-wrapper\">\n\t\t\t\t\t\t\t\t\t<span class=\"elementor-button-text\">DETAIL<\/span>\n\t\t\t\t\t<\/span>\n\t\t\t\t\t<\/a>\n\t\t\t\t<\/div>\n\t\t\t\t\t\t\t\t<\/div>\n\t\t\t\t<\/div>\n\t\t\t\t\t<\/div>\n\t\t<\/div>\n\t\t\t\t\t<\/div>\n\t\t<\/section>\n\t\t\t\t<\/div>\n\t\t","protected":false},"excerpt":{"rendered":"<p>WET and DRY CHEMICAL SUPPRESSION SYSTEMS Kitchen Hood System Automatic suppression system in industrial kitchen is required by regulation. The designs are pre-engineered by our company and supplied by UL Listed Ex5054, S1064, Ex15622 List system from Europe, Israel or USA. DETAIL Dry Chemical Powder Systems It is one of the best solutions especially in [&hellip;]<\/p>\n","protected":false},"author":2,"featured_media":0,"parent":0,"menu_order":0,"comment_status":"closed","ping_status":"closed","template":"tpl-default-elementor.php","meta":{"footnotes":""},"class_list":["post-10783","page","type-page","status-publish","hentry"],"yoast_head":"<!-- This site is optimized with the Yoast SEO plugin v27.4 - https:\/\/yoast.com\/product\/yoast-seo-wordpress\/ -->\n<title>WET and DRY CHEMICAL SUPPRESSION SYSTEMS - Refleksfire<\/title>\n<meta name=\"robots\" content=\"index, follow, max-snippet:-1, max-image-preview:large, max-video-preview:-1\" \/>\n<link rel=\"canonical\" href=\"https:\/\/refleksfire.com\/en\/wet-and-dry-chemical-suppression-systems\/\" \/>\n<meta property=\"og:locale\" content=\"en_US\" \/>\n<meta property=\"og:type\" content=\"article\" \/>\n<meta property=\"og:title\" content=\"WET and DRY CHEMICAL SUPPRESSION SYSTEMS - Refleksfire\" \/>\n<meta property=\"og:description\" content=\"WET and DRY CHEMICAL SUPPRESSION SYSTEMS Kitchen Hood System Automatic suppression system in industrial kitchen is required by regulation. The designs are pre-engineered by our company and supplied by UL Listed Ex5054, S1064, Ex15622 List system from Europe, Israel or USA. DETAIL Dry Chemical Powder Systems It is one of the best solutions especially in [&hellip;]\" \/>\n<meta property=\"og:url\" content=\"https:\/\/refleksfire.com\/en\/wet-and-dry-chemical-suppression-systems\/\" \/>\n<meta property=\"og:site_name\" content=\"Refleksfire\" \/>\n<meta property=\"article:modified_time\" content=\"2022-12-26T13:07:54+00:00\" \/>\n<meta property=\"og:image\" content=\"https:\/\/refleksfire.com\/wp-content\/uploads\/2021\/12\/Davlumbaz-Sidebar-1.jpg\" \/>\n<meta name=\"twitter:card\" content=\"summary_large_image\" \/>\n<meta name=\"twitter:label1\" content=\"Est. reading time\" \/>\n\t<meta name=\"twitter:data1\" content=\"1 minute\" \/>\n<script type=\"application\/ld+json\" class=\"yoast-schema-graph\">{\"@context\":\"https:\\\/\\\/schema.org\",\"@graph\":[{\"@type\":\"WebPage\",\"@id\":\"https:\\\/\\\/refleksfire.com\\\/en\\\/wet-and-dry-chemical-suppression-systems\\\/\",\"url\":\"https:\\\/\\\/refleksfire.com\\\/en\\\/wet-and-dry-chemical-suppression-systems\\\/\",\"name\":\"WET and DRY CHEMICAL SUPPRESSION SYSTEMS - Refleksfire\",\"isPartOf\":{\"@id\":\"https:\\\/\\\/refleksfire.com\\\/#website\"},\"primaryImageOfPage\":{\"@id\":\"https:\\\/\\\/refleksfire.com\\\/en\\\/wet-and-dry-chemical-suppression-systems\\\/#primaryimage\"},\"image\":{\"@id\":\"https:\\\/\\\/refleksfire.com\\\/en\\\/wet-and-dry-chemical-suppression-systems\\\/#primaryimage\"},\"thumbnailUrl\":\"https:\\\/\\\/refleksfire.com\\\/wp-content\\\/uploads\\\/2021\\\/12\\\/Davlumbaz-Sidebar-1.jpg\",\"datePublished\":\"2022-01-31T22:39:41+00:00\",\"dateModified\":\"2022-12-26T13:07:54+00:00\",\"breadcrumb\":{\"@id\":\"https:\\\/\\\/refleksfire.com\\\/en\\\/wet-and-dry-chemical-suppression-systems\\\/#breadcrumb\"},\"inLanguage\":\"en-US\",\"potentialAction\":[{\"@type\":\"ReadAction\",\"target\":[\"https:\\\/\\\/refleksfire.com\\\/en\\\/wet-and-dry-chemical-suppression-systems\\\/\"]}]},{\"@type\":\"ImageObject\",\"inLanguage\":\"en-US\",\"@id\":\"https:\\\/\\\/refleksfire.com\\\/en\\\/wet-and-dry-chemical-suppression-systems\\\/#primaryimage\",\"url\":\"https:\\\/\\\/refleksfire.com\\\/wp-content\\\/uploads\\\/2021\\\/12\\\/Davlumbaz-Sidebar-1.jpg\",\"contentUrl\":\"https:\\\/\\\/refleksfire.com\\\/wp-content\\\/uploads\\\/2021\\\/12\\\/Davlumbaz-Sidebar-1.jpg\"},{\"@type\":\"BreadcrumbList\",\"@id\":\"https:\\\/\\\/refleksfire.com\\\/en\\\/wet-and-dry-chemical-suppression-systems\\\/#breadcrumb\",\"itemListElement\":[{\"@type\":\"ListItem\",\"position\":1,\"name\":\"Anasayfa\",\"item\":\"https:\\\/\\\/refleksfire.com\\\/\"},{\"@type\":\"ListItem\",\"position\":2,\"name\":\"WET and DRY CHEMICAL SUPPRESSION SYSTEMS\"}]},{\"@type\":\"WebSite\",\"@id\":\"https:\\\/\\\/refleksfire.com\\\/#website\",\"url\":\"https:\\\/\\\/refleksfire.com\\\/\",\"name\":\"Refleksfire\",\"description\":\"Yang\u0131n G\u00fcvenlik Sistemleri\",\"publisher\":{\"@id\":\"https:\\\/\\\/refleksfire.com\\\/#organization\"},\"potentialAction\":[{\"@type\":\"SearchAction\",\"target\":{\"@type\":\"EntryPoint\",\"urlTemplate\":\"https:\\\/\\\/refleksfire.com\\\/?s={search_term_string}\"},\"query-input\":{\"@type\":\"PropertyValueSpecification\",\"valueRequired\":true,\"valueName\":\"search_term_string\"}}],\"inLanguage\":\"en-US\"},{\"@type\":\"Organization\",\"@id\":\"https:\\\/\\\/refleksfire.com\\\/#organization\",\"name\":\"Refleksfire\",\"url\":\"https:\\\/\\\/refleksfire.com\\\/\",\"logo\":{\"@type\":\"ImageObject\",\"inLanguage\":\"en-US\",\"@id\":\"https:\\\/\\\/refleksfire.com\\\/#\\\/schema\\\/logo\\\/image\\\/\",\"url\":\"https:\\\/\\\/refleksfire.com\\\/wp-content\\\/uploads\\\/2021\\\/12\\\/cropped-REFLEKS_LOGO.png\",\"contentUrl\":\"https:\\\/\\\/refleksfire.com\\\/wp-content\\\/uploads\\\/2021\\\/12\\\/cropped-REFLEKS_LOGO.png\",\"width\":429,\"height\":250,\"caption\":\"Refleksfire\"},\"image\":{\"@id\":\"https:\\\/\\\/refleksfire.com\\\/#\\\/schema\\\/logo\\\/image\\\/\"}}]}<\/script>\n<!-- \/ Yoast SEO plugin. -->","yoast_head_json":{"title":"WET and DRY CHEMICAL SUPPRESSION SYSTEMS - Refleksfire","robots":{"index":"index","follow":"follow","max-snippet":"max-snippet:-1","max-image-preview":"max-image-preview:large","max-video-preview":"max-video-preview:-1"},"canonical":"https:\/\/refleksfire.com\/en\/wet-and-dry-chemical-suppression-systems\/","og_locale":"en_US","og_type":"article","og_title":"WET and DRY CHEMICAL SUPPRESSION SYSTEMS - Refleksfire","og_description":"WET and DRY CHEMICAL SUPPRESSION SYSTEMS Kitchen Hood System Automatic suppression system in industrial kitchen is required by regulation. The designs are pre-engineered by our company and supplied by UL Listed Ex5054, S1064, Ex15622 List system from Europe, Israel or USA. DETAIL Dry Chemical Powder Systems It is one of the best solutions especially in [&hellip;]","og_url":"https:\/\/refleksfire.com\/en\/wet-and-dry-chemical-suppression-systems\/","og_site_name":"Refleksfire","article_modified_time":"2022-12-26T13:07:54+00:00","og_image":[{"url":"https:\/\/refleksfire.com\/wp-content\/uploads\/2021\/12\/Davlumbaz-Sidebar-1.jpg","type":"","width":"","height":""}],"twitter_card":"summary_large_image","twitter_misc":{"Est. reading time":"1 minute"},"schema":{"@context":"https:\/\/schema.org","@graph":[{"@type":"WebPage","@id":"https:\/\/refleksfire.com\/en\/wet-and-dry-chemical-suppression-systems\/","url":"https:\/\/refleksfire.com\/en\/wet-and-dry-chemical-suppression-systems\/","name":"WET and DRY CHEMICAL SUPPRESSION SYSTEMS - Refleksfire","isPartOf":{"@id":"https:\/\/refleksfire.com\/#website"},"primaryImageOfPage":{"@id":"https:\/\/refleksfire.com\/en\/wet-and-dry-chemical-suppression-systems\/#primaryimage"},"image":{"@id":"https:\/\/refleksfire.com\/en\/wet-and-dry-chemical-suppression-systems\/#primaryimage"},"thumbnailUrl":"https:\/\/refleksfire.com\/wp-content\/uploads\/2021\/12\/Davlumbaz-Sidebar-1.jpg","datePublished":"2022-01-31T22:39:41+00:00","dateModified":"2022-12-26T13:07:54+00:00","breadcrumb":{"@id":"https:\/\/refleksfire.com\/en\/wet-and-dry-chemical-suppression-systems\/#breadcrumb"},"inLanguage":"en-US","potentialAction":[{"@type":"ReadAction","target":["https:\/\/refleksfire.com\/en\/wet-and-dry-chemical-suppression-systems\/"]}]},{"@type":"ImageObject","inLanguage":"en-US","@id":"https:\/\/refleksfire.com\/en\/wet-and-dry-chemical-suppression-systems\/#primaryimage","url":"https:\/\/refleksfire.com\/wp-content\/uploads\/2021\/12\/Davlumbaz-Sidebar-1.jpg","contentUrl":"https:\/\/refleksfire.com\/wp-content\/uploads\/2021\/12\/Davlumbaz-Sidebar-1.jpg"},{"@type":"BreadcrumbList","@id":"https:\/\/refleksfire.com\/en\/wet-and-dry-chemical-suppression-systems\/#breadcrumb","itemListElement":[{"@type":"ListItem","position":1,"name":"Anasayfa","item":"https:\/\/refleksfire.com\/"},{"@type":"ListItem","position":2,"name":"WET and DRY CHEMICAL SUPPRESSION SYSTEMS"}]},{"@type":"WebSite","@id":"https:\/\/refleksfire.com\/#website","url":"https:\/\/refleksfire.com\/","name":"Refleksfire","description":"Yang\u0131n G\u00fcvenlik Sistemleri","publisher":{"@id":"https:\/\/refleksfire.com\/#organization"},"potentialAction":[{"@type":"SearchAction","target":{"@type":"EntryPoint","urlTemplate":"https:\/\/refleksfire.com\/?s={search_term_string}"},"query-input":{"@type":"PropertyValueSpecification","valueRequired":true,"valueName":"search_term_string"}}],"inLanguage":"en-US"},{"@type":"Organization","@id":"https:\/\/refleksfire.com\/#organization","name":"Refleksfire","url":"https:\/\/refleksfire.com\/","logo":{"@type":"ImageObject","inLanguage":"en-US","@id":"https:\/\/refleksfire.com\/#\/schema\/logo\/image\/","url":"https:\/\/refleksfire.com\/wp-content\/uploads\/2021\/12\/cropped-REFLEKS_LOGO.png","contentUrl":"https:\/\/refleksfire.com\/wp-content\/uploads\/2021\/12\/cropped-REFLEKS_LOGO.png","width":429,"height":250,"caption":"Refleksfire"},"image":{"@id":"https:\/\/refleksfire.com\/#\/schema\/logo\/image\/"}}]}},"_links":{"self":[{"href":"https:\/\/refleksfire.com\/en\/wp-json\/wp\/v2\/pages\/10783","targetHints":{"allow":["GET"]}}],"collection":[{"href":"https:\/\/refleksfire.com\/en\/wp-json\/wp\/v2\/pages"}],"about":[{"href":"https:\/\/refleksfire.com\/en\/wp-json\/wp\/v2\/types\/page"}],"author":[{"embeddable":true,"href":"https:\/\/refleksfire.com\/en\/wp-json\/wp\/v2\/users\/2"}],"replies":[{"embeddable":true,"href":"https:\/\/refleksfire.com\/en\/wp-json\/wp\/v2\/comments?post=10783"}],"version-history":[{"count":0,"href":"https:\/\/refleksfire.com\/en\/wp-json\/wp\/v2\/pages\/10783\/revisions"}],"wp:attachment":[{"href":"https:\/\/refleksfire.com\/en\/wp-json\/wp\/v2\/media?parent=10783"}],"curies":[{"name":"wp","href":"https:\/\/api.w.org\/{rel}","templated":true}]}}